{"id":212,"date":"2022-12-02T17:27:35","date_gmt":"2022-12-02T16:27:35","guid":{"rendered":"https:\/\/www.liceovian.it\/www\/?page_id=212"},"modified":"2023-10-24T17:09:46","modified_gmt":"2023-10-24T15:09:46","slug":"liceo-classico-cambridge-international","status":"publish","type":"page","link":"https:\/\/www.liceovian.it\/www\/?page_id=212","title":{"rendered":"Liceo classico Cambridge International"},"content":{"rendered":"\n<p class=\"has-text-align-center\"><em><strong>Become confident, responsible, reflective, innovative and engaged <br>\u2013 equipped for success in our fastchanging modern world!<\/strong><\/em><\/p>\n\n\n\n<div style=\"height:40px\" aria-hidden=\"true\" class=\"wp-block-spacer\"><\/div>\n\n\n\n<p><\/p>\n\n\n\n<p><strong>Perch\u00e9 il liceo classico Cambridge International:<\/strong> l<strong>a parola agli studenti<\/strong><\/p>\n\n\n\n<blockquote class=\"wp-block-quote\">\n<p><\/p>\n<cite><em>&#8220;Con l&#8217;esperienza IGCSE ho imparato che con la tenacia e la determinazione si pu\u00f2 superare anche ci\u00f2 che inizialmente sembra difficile: infatti sebbene temessi di non riuscire a studiare una materia teorica in un&#8217;altra lingua, al contrario ci\u00f2 si \u00e8 dimostrato vantaggioso per un miglioramento del mio inglese, permettendomi di acquisire una maggiore scioltezza e una pi\u00f9 ampia conoscenza del lessico.&#8221;<\/em> &#8211; Arianna<\/cite><\/blockquote>\n\n\n\n<blockquote class=\"wp-block-quote\">\n<p><em>\u201cQuest&#8217;esperienza mi ha aiutata a sfidare me stessa e a dare il massimo per raggiungere i miei obiettivi. Sono veramente grata di aver compiuto questo percorso perch\u00e9 mi sento ricca di nuove informazioni ed esperienze.\u201d<\/em> \u2013 Melissa<\/p>\n<\/blockquote>\n\n\n\n<blockquote class=\"wp-block-quote\">\n<p><\/p>\n<cite><em>\u201cAll\u2019inizio potrebbe sembrare difficile entrare in meccanismi ed assumere metodi di studio differenti da quelli che adoperiamo in Italia, ma si riveler\u00e0 presto un\u2019esperienza arricchente, stimolante e coinvolgente in quanto ne consegue una preparazione internazionale dal punto di vista formativo, sia scolastico sia personale.\u201d<\/em> &#8211; Vanessa<\/cite><\/blockquote>\n\n\n\n<blockquote class=\"wp-block-quote\">\n<p><em>\u201cThis course gave me the opportunity to experience an academic system which is completely different from mine, a system that I slowly started to understand and appreciate, with all its qualities and flaws. You see, we view life only through the glasses of our own perspective, and school gives us new lenses to see the world in all its wonder, colour and complexity; this is what this biology course did for me: it made me passionate about discovering how things really work, and clarified my viewpoint on the world. If you&#8217;re looking for a special experience, and are willing to work to complete it, then you should try this course.&nbsp;<\/em> <\/p>\n\n\n\n<p><em>Bonus tip: try to do past papers on the \u201csave my exams\u201d website: it&#8217;s a lifesaver.\u201d<\/em>&nbsp; &#8211; Lavinia<\/p>\n<\/blockquote>\n\n\n\n<p><\/p>\n\n\n\n<p><br>Il Liceo Statale Ignazio Vian \u00e8 stato riconosciuto da Cambridge Assessment International Education &#8211; ente senza fini di lucro dell\u2019Universit\u00e0 di Cambridge che opera nel campo della valutazione degli apprendimenti nel Regno Unito e all\u2019estero &#8211; come Cambridge International School.<br><br>Nell\u2019a.s. 2020\/2021 l\u2019istituto attiva un corso di Liceo Classico con progetto Cambridge International nella classe prima della sezione Y del corso classico: nel tradizionale corso di studi vengono inseriti insegnamenti che seguono i programmi della scuola britannica e che consentono agli studenti di sostenerne i relativi esami. Il superamento di tali esami permette il conseguimento dell\u2019IGCSE (International General Certificate of Secondary Education). Gli esami sono svolti in sede.<br>Un percorso internazionale<br>L\u2019opzione internazionale Cambridge ha carattere prevalentemente formativo e si rivolge, in particolare, agli studenti che intendono potenziare la conoscenza della lingua inglese sviluppando un percorso di formazione liceale aperto alla dimensione internazionale e alle sfide della societ\u00e0 globalizzata.<\/p>\n\n\n\n<p><br><strong>Il percorso Cambridge offre l\u2019opportunit\u00e0 di:<\/strong><br>\u25cf integrare la solida formazione contenutistica e lo sviluppo del pensiero critico tipici del Liceo classico italiano, con lo sviluppo: della capacit\u00e0 di problem solving, di competenze pratiche e del pensiero creativo, tipici della scuola anglosassone;<br>\u25cf fornire una preparazione e una formazione propedeutiche agli studi universitari e al mondo del lavoro in un\u2019ottica internazionale;<br>\u25cf ricevere una solida preparazione in inglese che permette di giungere alla fine del percorso scolastico ad un livello B2+\/C1;<br>\u25cf sviluppare una coscienza di cittadinanza internazionale senza rinunciare alle proprie radici culturali;<br>\u25cf usufruire di una formazione culturale e valoriale di ampio respiro aperta all\u2019Europa e al mondo;<br>\u25cf concludere il percorso liceale ottenendo una duplice certificazione: il diploma di Liceo classico e una o pi\u00f9 certificazioni IGCSE, le prestigiose certificazioni internazionali pi\u00f9 riconosciute al mondo, rivolta agli studenti tra i 14 e 17 anni. Le certificazioni IGCSE sono ampiamente riconosciute dalle pi\u00f9 importanti Universit\u00e0 straniere e sono accettati da un numero crescente di Universit\u00e0 italiane, tra cui l\u2019Universit\u00e0 La Sapienza, Roma Tre, Luiss, Luspio, John Cabot University;<br>\u25cf frequentare una scuola di respiro internazionale comprendente un\u2019ampia rete di scuole distribuite in 160 Paesi del mondo;<br>\u25cf Effettuare gli esami Cambridge IGCSE nelle materie oggetto di insegnamento bilingue direttamente nel nostro Liceo.<br>Liceo classico Vian \u2013 sezione Cambridge INTERNATIONAL<br>Il curricolo del Liceo classico Cambridge International \u00e8 identico a quello del Liceo Classico tradizionale, ma prevede l\u2019integrazione dei programmi italiani con i sillabi Cambridge IGCSE nelle seguenti discipline:<br>\u25cf IGCSE Mathematics<br>\u25cf IGCSE English as a Second Language<\/p>\n\n\n\n<p><strong>Il monte ore settimanale comprende:<\/strong><br>\u25cf <em>Inglese:<\/em> ore aggiuntive (2h nel primo biennio e 1h nel secondo biennio) con docente madrelingua in co-programmazione con il docente curricolare di inglese per sillabo IGCSE English as a Second Language.<br>\u25cf <em>Matematica:<\/em> insegnamento affidato a docente curricolare esperto, dal primo al terzo anno di corso per il sillabo IGCSE Mathematics.<br><br>Gli esami per conseguire le certificazioni IGCSE nelle materie sopra elencate sono distribuiti tra il terzo e il quarto anno per non gravare gli studenti al quinto anno, quando devono affrontare l\u2019Esame di Stato. Gli esami IGCSE nelle materie oggetto di insegnamento bilingue si svolgeranno direttamente nella sede del Liceo e saranno predisposte, corrette e valutate da Cambridge Assessment International Education.<\/p>\n\n\n\n<div class=\"wp-block-file\"><object class=\"wp-block-file__embed\" data=\"https:\/\/www.liceovian.it\/www\/wp-content\/uploads\/2022\/12\/304908-programmi-e-certificazioni-cambridge-guida-per-i-genitori-italiano-.pdf\" type=\"application\/pdf\" style=\"width:100%;height:600px\" aria-label=\"Incorporamento di 304908-programmi-e-certificazioni-cambridge-guida-per-i-genitori-italiano-.\"><\/object><a id=\"wp-block-file--media-fc4bf9b0-2032-47cb-825c-1be7bf35de41\" href=\"https:\/\/www.liceovian.it\/www\/wp-content\/uploads\/2022\/12\/304908-programmi-e-certificazioni-cambridge-guida-per-i-genitori-italiano-.pdf\">304908-programmi-e-certificazioni-cambridge-guida-per-i-genitori-italiano-<\/a><a href=\"https:\/\/www.liceovian.it\/www\/wp-content\/uploads\/2022\/12\/304908-programmi-e-certificazioni-cambridge-guida-per-i-genitori-italiano-.pdf\" class=\"wp-block-file__button wp-element-button\" download aria-describedby=\"wp-block-file--media-fc4bf9b0-2032-47cb-825c-1be7bf35de41\">Download<\/a><\/div>\n\n\n\n<div class=\"wp-block-file\"><object class=\"wp-block-file__embed\" data=\"https:\/\/www.liceovian.it\/www\/wp-content\/uploads\/2022\/12\/304910-cambridge-igcse-guida-per-i-genitori-italiano-1.pdf\" type=\"application\/pdf\" style=\"width:100%;height:600px\" aria-label=\"Incorporamento di 304910-cambridge-igcse-guida-per-i-genitori-italiano-1.\"><\/object><a id=\"wp-block-file--media-a1e298ea-89e4-404d-823c-a158e6cfd8b5\" href=\"https:\/\/www.liceovian.it\/www\/wp-content\/uploads\/2022\/12\/304910-cambridge-igcse-guida-per-i-genitori-italiano-1.pdf\">304910-cambridge-igcse-guida-per-i-genitori-italiano-1<\/a><a href=\"https:\/\/www.liceovian.it\/www\/wp-content\/uploads\/2022\/12\/304910-cambridge-igcse-guida-per-i-genitori-italiano-1.pdf\" class=\"wp-block-file__button wp-element-button\" download aria-describedby=\"wp-block-file--media-a1e298ea-89e4-404d-823c-a158e6cfd8b5\">Download<\/a><\/div>\n\n\n\n<div class=\"wp-block-file\"><object class=\"wp-block-file__embed\" data=\"https:\/\/www.liceovian.it\/www\/wp-content\/uploads\/2022\/12\/304910-cambridge-igcse-guida-per-i-genitori-italiano-.pdf\" type=\"application\/pdf\" style=\"width:100%;height:600px\" aria-label=\"Incorporamento di 304910-cambridge-igcse-guida-per-i-genitori-italiano-.\"><\/object><a id=\"wp-block-file--media-544bb1d5-d83b-4d7f-9bfa-c0d94adabb3b\" href=\"https:\/\/www.liceovian.it\/www\/wp-content\/uploads\/2022\/12\/304910-cambridge-igcse-guida-per-i-genitori-italiano-.pdf\">304910-cambridge-igcse-guida-per-i-genitori-italiano-<\/a><a href=\"https:\/\/www.liceovian.it\/www\/wp-content\/uploads\/2022\/12\/304910-cambridge-igcse-guida-per-i-genitori-italiano-.pdf\" class=\"wp-block-file__button wp-element-button\" download aria-describedby=\"wp-block-file--media-544bb1d5-d83b-4d7f-9bfa-c0d94adabb3b\">Download<\/a><\/div>\n\n\n\n<div class=\"wp-block-file\"><object class=\"wp-block-file__embed\" data=\"https:\/\/www.liceovian.it\/www\/wp-content\/uploads\/2022\/12\/why-cambridge-a-guide-for-parents-italian-.pdf\" type=\"application\/pdf\" style=\"width:100%;height:600px\" aria-label=\"Incorporamento di why-cambridge-a-guide-for-parents-italian-.\"><\/object><a id=\"wp-block-file--media-a4d15706-a498-4c15-9af8-49a0fc9f19e5\" href=\"https:\/\/www.liceovian.it\/www\/wp-content\/uploads\/2022\/12\/why-cambridge-a-guide-for-parents-italian-.pdf\">why-cambridge-a-guide-for-parents-italian-<\/a><a href=\"https:\/\/www.liceovian.it\/www\/wp-content\/uploads\/2022\/12\/why-cambridge-a-guide-for-parents-italian-.pdf\" class=\"wp-block-file__button wp-element-button\" download aria-describedby=\"wp-block-file--media-a4d15706-a498-4c15-9af8-49a0fc9f19e5\">Download<\/a><\/div>\n","protected":false},"excerpt":{"rendered":"<p>Become confident, responsible, reflective, innovative and engaged \u2013 equipped for success in our fastchanging modern world! Perch\u00e9 il liceo classico Cambridge International: la parola agli studenti &#8220;Con l&#8217;esperienza IGCSE ho imparato che con la tenacia e la determinazione si pu\u00f2 superare anche ci\u00f2 che inizialmente sembra difficile: infatti sebbene temessi di non riuscire a studiare [&hellip;]<\/p>\n","protected":false},"author":1,"featured_media":0,"parent":14,"menu_order":1,"comment_status":"closed","ping_status":"closed","template":"","meta":{"footnotes":""},"_links":{"self":[{"href":"https:\/\/www.liceovian.it\/www\/index.php?rest_route=\/wp\/v2\/pages\/212"}],"collection":[{"href":"https:\/\/www.liceovian.it\/www\/index.php?rest_route=\/wp\/v2\/pages"}],"about":[{"href":"https:\/\/www.liceovian.it\/www\/index.php?rest_route=\/wp\/v2\/types\/page"}],"author":[{"embeddable":true,"href":"https:\/\/www.liceovian.it\/www\/index.php?rest_route=\/wp\/v2\/users\/1"}],"replies":[{"embeddable":true,"href":"https:\/\/www.liceovian.it\/www\/index.php?rest_route=%2Fwp%2Fv2%2Fcomments&post=212"}],"version-history":[{"count":28,"href":"https:\/\/www.liceovian.it\/www\/index.php?rest_route=\/wp\/v2\/pages\/212\/revisions"}],"predecessor-version":[{"id":369,"href":"https:\/\/www.liceovian.it\/www\/index.php?rest_route=\/wp\/v2\/pages\/212\/revisions\/369"}],"up":[{"embeddable":true,"href":"https:\/\/www.liceovian.it\/www\/index.php?rest_route=\/wp\/v2\/pages\/14"}],"wp:attachment":[{"href":"https:\/\/www.liceovian.it\/www\/index.php?rest_route=%2Fwp%2Fv2%2Fmedia&parent=212"}],"curies":[{"name":"wp","href":"https:\/\/api.w.org\/{rel}","templated":true}]}}