{"id":20,"date":"2022-11-24T09:17:37","date_gmt":"2022-11-24T08:17:37","guid":{"rendered":"https:\/\/www.liceovian.it\/www\/?page_id=20"},"modified":"2022-11-30T12:18:45","modified_gmt":"2022-11-30T11:18:45","slug":"inclusione","status":"publish","type":"page","link":"https:\/\/www.liceovian.it\/www\/?page_id=20","title":{"rendered":"Una Scuola inclusiva"},"content":{"rendered":"\n<p>Il Vian e l\u2019inclusione come prospettiva<\/p>\n\n\n\n<p><em>\u00abOur ability to reach unity in diversity will be the beauty and the test of our civilisation\u00bb<\/em><\/p>\n\n\n\n<p><em>\u00abLa nostra capacit\u00e0 di raggiungere l\u2019unit\u00e0 nella diversit\u00e0 sar\u00e0 allo stesso tempo la bellezza e il banco di prova della nostra civilt\u00e0\u00bb<\/em><\/p>\n\n\n\n<p>Mahatma Gandhi<\/p>\n\n\n\n<p>Una scuola che voglia essere inclusiva \u00e8, anzitutto, il luogo dove le risorse umane al suo interno riflettono sulle dinamiche relazionali, sulle pratiche didattiche e progettuali nell\u2019ottica di un cambiamento del contesto educativo in cui operano e in funzione dell\u2019adeguamento della proposta didattica-educativa-formativa, alle esigenze del contesto e dell\u2019utenza.<\/p>\n\n\n\n<p>L\u2019inclusione non riguarda prettamente gli studenti con Bisogni Educativi Speciali e non si esaurisce nel dotare gli allievi che riscontrano problemi di apprendimento e di partecipazione degli strumenti compensativi o delle misure dispensative. Si tratta, invece, di costruire una cultura inclusiva.<\/p>\n\n\n\n<p>Il Vian e l\u2019impegno verso i BES<\/p>\n\n\n\n<p>L\u2019Istituto si pone l\u2019obiettivo di lavorare per creare un clima inclusivo e progettare i propri interventi e le proprie attivit\u00e0 didattiche e educative al fine di abbattere ogni barriera che possa impedire o ostacolare l\u2019apprendimento e la partecipazione di tutti gli studenti, per garantire a ciascuno il raggiungimento del successo formativo.<\/p>\n\n\n\n<p>La realizzazione dell\u2019inclusione prevede di intervenire sul contesto rendendolo accessibile a tutti come condizione stessa della normalit\u00e0 e, contemporaneamente, adoperarsi affinch\u00e9 il soggetto sia messo nelle condizione di raggiungere i propri obiettivi formativi.<\/p>\n\n\n\n<p>Con Bisogni Educativi Speciali (BES) ci riferiamo a una condizione, continuativa o transitoria, che ostacola l\u2019apprendimento dello studente e che pone all\u2019ambiente scolastico la sfida e l\u2019impegno di porre l\u2019adeguata attenzione e formulare efficaci risposte affinch\u00e9 lo studente possa raggiungere il successo formativo.<\/p>\n\n\n\n<p>Lo studente \u00e8 concepito quale attivo protagonista del proprio processo di apprendimento e la scuola pone al centro le sue caratteristiche al fine di garantire una didattica adeguata alle sue capacit\u00e0.<\/p>\n\n\n\n<p>All\u2019interno dei BES sono individuate 3 macro-categorie che rispecchiano la molteplicit\u00e0 di condizioni che possono dare origine a un bisogno educativo speciale:<br>\u25cf Disabilit\u00e0<br>\u25cf Disturbi Evolutivi Specifici (D.S.A., A.D.H.D.\/D.O.P., borderline cognitivo, deficit del linguaggio, delle abilit\u00e0 non verbali e della coordinazione motoria, ecc.)<br>\u25cf Svantaggio socioeconomico, linguistico o culturale<\/p>\n\n\n\n<p>Per ogni individualit\u00e0 con BES, nel rispetto della normativa vigente, la scuola attua buone prassi miranti a favorire la creazione di un ambiente inclusivo e strutturare l\u2019iniziativa didattica cercando di agevolare il funzionamento dello studente, attraverso la redazione e l\u2019attuazione di P.E.I. (Piano Educativo Individualizzato) e P.D.P. (Piano Didattico Personalizzato), al fine di garantire il suo sviluppo educativo e formativo e il suo successo scolastico.<\/p>\n\n\n\n<p>Il liceo Vian accoglie infine eccellenze sportive per le quali viene attivata la Sperimentazione didattica Studente-Atleta di alto livello del MIUR con la redazione di un P.F.P. (Piano Formativo Personalizzato) che permette agli studenti di coniugare efficacemente la propria formazione liceale con l\u2019impegno agonistico.<\/p>\n\n\n\n<p>\u00abNon c\u2019\u00e8 ingiustizia pi\u00f9 grande che fare parti uguali tra diversi\u00bb<\/p>\n\n\n\n<p>Don Lorenzo Milani, Lettera a una professoressa<\/p>\n\n\n\n<p>SPAZI: tecnologia, efficacia e bellezza<\/p>\n\n\n\n<p>Tutte le aule sono dotate di strumenti multimediali (LIM o Digital Board).<\/p>\n\n\n\n<p>Inoltre sono presenti:<br>\u25cf Laboratori di Informatica<br>\u25cf Laboratori linguistici<br>\u25cf Palestre attrezzate<br>\u25cf Aula magna<br>\u25cf Laboratori di Scienze<br>\u25cf Laboratorio di Fisica<br>\u25cf Biblioteca<br>\u25cf Laboratori per progetti specifici di inclusione<br>PROGETTI<\/p>\n\n\n\n<p>L\u2019inclusione \u00e8 attuata sia mediante attivit\u00e0 curricolari sia attraverso attivit\u00e0 progettuali specifiche finalizzate alla valorizzazione e crescita dell\u2019autostima degli studenti.<\/p>\n\n\n\n<p>\u25cf Settimana in Blu: progetto inserito nei percorsi di Educazione Civica rivolto alla sensibilizzazione alla consapevolezza sull\u2019autismo e alla realizzazione di prassi inclusive<br>\u25cf Aule verdi e orto: per tutti gli studenti \u00e8 fondamentale pensare un percorso di apprendimento esperienziale collegato alle prerogative della scuola, del territorio e allo sviluppo di competenze spendibili nella vita quotidiana<br>\u25cf Luned\u00ec dell\u2019arte e laboratorio artistico: esprimere se stessi attraverso l\u2019arte e il colore, contribuire alla personalizzazione dello spazio scolastico che diviene parte integrante del proprio vissuto e apprendimento<br>PERSONE<\/p>\n\n\n\n<p>Tutto il personale scolastico (docenti e personale ATA) sono coinvolti nel promuovere e realizzare un clima inclusivo. Da alcuni anni, compreso l\u2019a.s. in corso 2022\/23, l\u2019Associazione culturale DAFNE lavora nel liceo Vian fornendo l\u2019assistenza specialistica affinch\u00e9 il percorso degli studenti con disabilit\u00e0 possa beneficiare della loro competenza e professionalit\u00e0.<br>L\u2019Istituto si avvale inoltre della collaborazione con la DOMUS Cooperativa Sociale a.r.l. per la strutturazione di percorsi con assistenti specialistici alla Comunicazione Aumentativa e Alternativa (CAA).<br>\u00abDiversity is the one true thing we all have in common. Celebrate it every day\u00bb<br>\u00abLa diversit\u00e0 \u00e8 l\u2019unica cosa vera che abbiamo tutti in comune. Celebratela ogni giorno\u00bb<br>Winston Churchill<\/p>\n\n\n\n<figure class=\"wp-block-gallery has-nested-images columns-default is-cropped wp-block-gallery-1 is-layout-flex wp-block-gallery-is-layout-flex\">\n<figure class=\"wp-block-image size-large\"><img decoding=\"async\" loading=\"lazy\" width=\"1024\" height=\"768\" data-id=\"177\" src=\"https:\/\/www.liceovian.it\/www\/wp-content\/uploads\/2022\/11\/INCLUSIONE-1.jpeg\" alt=\"\" class=\"wp-image-177\" srcset=\"https:\/\/www.liceovian.it\/www\/wp-content\/uploads\/2022\/11\/INCLUSIONE-1.jpeg 1024w, https:\/\/www.liceovian.it\/www\/wp-content\/uploads\/2022\/11\/INCLUSIONE-1-300x225.jpeg 300w, https:\/\/www.liceovian.it\/www\/wp-content\/uploads\/2022\/11\/INCLUSIONE-1-768x576.jpeg 768w\" sizes=\"(max-width: 1024px) 100vw, 1024px\" \/><\/figure>\n\n\n\n<figure class=\"wp-block-image size-large\"><img decoding=\"async\" loading=\"lazy\" width=\"768\" height=\"1024\" data-id=\"178\" src=\"https:\/\/www.liceovian.it\/www\/wp-content\/uploads\/2022\/11\/INCLUSIONE2.jpeg\" alt=\"\" class=\"wp-image-178\" srcset=\"https:\/\/www.liceovian.it\/www\/wp-content\/uploads\/2022\/11\/INCLUSIONE2.jpeg 768w, https:\/\/www.liceovian.it\/www\/wp-content\/uploads\/2022\/11\/INCLUSIONE2-225x300.jpeg 225w\" sizes=\"(max-width: 768px) 100vw, 768px\" \/><\/figure>\n\n\n\n<figure class=\"wp-block-image size-large\"><img decoding=\"async\" loading=\"lazy\" width=\"743\" height=\"1024\" data-id=\"179\" src=\"https:\/\/www.liceovian.it\/www\/wp-content\/uploads\/2022\/11\/LAB-ARTE.jpeg\" alt=\"\" class=\"wp-image-179\" srcset=\"https:\/\/www.liceovian.it\/www\/wp-content\/uploads\/2022\/11\/LAB-ARTE.jpeg 743w, https:\/\/www.liceovian.it\/www\/wp-content\/uploads\/2022\/11\/LAB-ARTE-218x300.jpeg 218w\" sizes=\"(max-width: 743px) 100vw, 743px\" \/><\/figure>\n\n\n\n<figure class=\"wp-block-image size-large\"><img decoding=\"async\" loading=\"lazy\" width=\"768\" height=\"1024\" data-id=\"180\" src=\"https:\/\/www.liceovian.it\/www\/wp-content\/uploads\/2022\/11\/LAB-ARTE2-768x1024.jpeg\" alt=\"\" class=\"wp-image-180\" srcset=\"https:\/\/www.liceovian.it\/www\/wp-content\/uploads\/2022\/11\/LAB-ARTE2-768x1024.jpeg 768w, https:\/\/www.liceovian.it\/www\/wp-content\/uploads\/2022\/11\/LAB-ARTE2-225x300.jpeg 225w, https:\/\/www.liceovian.it\/www\/wp-content\/uploads\/2022\/11\/LAB-ARTE2-1152x1536.jpeg 1152w, https:\/\/www.liceovian.it\/www\/wp-content\/uploads\/2022\/11\/LAB-ARTE2.jpeg 1200w\" sizes=\"(max-width: 768px) 100vw, 768px\" \/><\/figure>\n\n\n\n<figure class=\"wp-block-image size-large\"><img decoding=\"async\" loading=\"lazy\" width=\"1024\" height=\"768\" data-id=\"181\" src=\"https:\/\/www.liceovian.it\/www\/wp-content\/uploads\/2022\/11\/LAB-INCLUSIONE-ANGUILLARA.jpeg\" alt=\"\" class=\"wp-image-181\" srcset=\"https:\/\/www.liceovian.it\/www\/wp-content\/uploads\/2022\/11\/LAB-INCLUSIONE-ANGUILLARA.jpeg 1024w, https:\/\/www.liceovian.it\/www\/wp-content\/uploads\/2022\/11\/LAB-INCLUSIONE-ANGUILLARA-300x225.jpeg 300w, https:\/\/www.liceovian.it\/www\/wp-content\/uploads\/2022\/11\/LAB-INCLUSIONE-ANGUILLARA-768x576.jpeg 768w\" sizes=\"(max-width: 1024px) 100vw, 1024px\" \/><\/figure>\n\n\n\n<figure class=\"wp-block-image size-large\"><img decoding=\"async\" loading=\"lazy\" width=\"708\" height=\"398\" data-id=\"182\" src=\"https:\/\/www.liceovian.it\/www\/wp-content\/uploads\/2022\/11\/LAB-LING-BRACCIANO.jpeg\" alt=\"\" class=\"wp-image-182\" srcset=\"https:\/\/www.liceovian.it\/www\/wp-content\/uploads\/2022\/11\/LAB-LING-BRACCIANO.jpeg 708w, https:\/\/www.liceovian.it\/www\/wp-content\/uploads\/2022\/11\/LAB-LING-BRACCIANO-300x169.jpeg 300w\" sizes=\"(max-width: 708px) 100vw, 708px\" \/><\/figure>\n\n\n\n<figure class=\"wp-block-image size-large\"><img decoding=\"async\" loading=\"lazy\" width=\"1024\" height=\"768\" data-id=\"183\" src=\"https:\/\/www.liceovian.it\/www\/wp-content\/uploads\/2022\/11\/Lunedi-dell_arte1-1024x768.jpeg\" alt=\"\" class=\"wp-image-183\" srcset=\"https:\/\/www.liceovian.it\/www\/wp-content\/uploads\/2022\/11\/Lunedi-dell_arte1-1024x768.jpeg 1024w, https:\/\/www.liceovian.it\/www\/wp-content\/uploads\/2022\/11\/Lunedi-dell_arte1-300x225.jpeg 300w, https:\/\/www.liceovian.it\/www\/wp-content\/uploads\/2022\/11\/Lunedi-dell_arte1-768x576.jpeg 768w, https:\/\/www.liceovian.it\/www\/wp-content\/uploads\/2022\/11\/Lunedi-dell_arte1-1536x1152.jpeg 1536w, https:\/\/www.liceovian.it\/www\/wp-content\/uploads\/2022\/11\/Lunedi-dell_arte1.jpeg 1600w\" sizes=\"(max-width: 1024px) 100vw, 1024px\" \/><\/figure>\n\n\n\n<figure class=\"wp-block-image size-large\"><img decoding=\"async\" loading=\"lazy\" width=\"1024\" height=\"768\" data-id=\"184\" src=\"https:\/\/www.liceovian.it\/www\/wp-content\/uploads\/2022\/11\/Lunedi-dell_arte2.jpeg\" alt=\"\" class=\"wp-image-184\" srcset=\"https:\/\/www.liceovian.it\/www\/wp-content\/uploads\/2022\/11\/Lunedi-dell_arte2.jpeg 1024w, https:\/\/www.liceovian.it\/www\/wp-content\/uploads\/2022\/11\/Lunedi-dell_arte2-300x225.jpeg 300w, https:\/\/www.liceovian.it\/www\/wp-content\/uploads\/2022\/11\/Lunedi-dell_arte2-768x576.jpeg 768w\" sizes=\"(max-width: 1024px) 100vw, 1024px\" \/><\/figure>\n\n\n\n<figure class=\"wp-block-image size-large\"><img decoding=\"async\" loading=\"lazy\" width=\"768\" height=\"1024\" data-id=\"185\" src=\"https:\/\/www.liceovian.it\/www\/wp-content\/uploads\/2022\/11\/Lunedi-dell_arte3.jpeg\" alt=\"\" class=\"wp-image-185\" srcset=\"https:\/\/www.liceovian.it\/www\/wp-content\/uploads\/2022\/11\/Lunedi-dell_arte3.jpeg 768w, https:\/\/www.liceovian.it\/www\/wp-content\/uploads\/2022\/11\/Lunedi-dell_arte3-225x300.jpeg 225w\" sizes=\"(max-width: 768px) 100vw, 768px\" \/><\/figure>\n\n\n\n<figure class=\"wp-block-image size-large\"><img decoding=\"async\" loading=\"lazy\" width=\"828\" height=\"877\" data-id=\"186\" src=\"https:\/\/www.liceovian.it\/www\/wp-content\/uploads\/2022\/11\/ORTO1.jpeg\" alt=\"\" class=\"wp-image-186\" srcset=\"https:\/\/www.liceovian.it\/www\/wp-content\/uploads\/2022\/11\/ORTO1.jpeg 828w, https:\/\/www.liceovian.it\/www\/wp-content\/uploads\/2022\/11\/ORTO1-283x300.jpeg 283w, https:\/\/www.liceovian.it\/www\/wp-content\/uploads\/2022\/11\/ORTO1-768x813.jpeg 768w\" sizes=\"(max-width: 828px) 100vw, 828px\" \/><\/figure>\n\n\n\n<figure class=\"wp-block-image size-large\"><img decoding=\"async\" loading=\"lazy\" width=\"828\" height=\"881\" data-id=\"187\" src=\"https:\/\/www.liceovian.it\/www\/wp-content\/uploads\/2022\/11\/ORTO2.jpeg\" alt=\"\" class=\"wp-image-187\" srcset=\"https:\/\/www.liceovian.it\/www\/wp-content\/uploads\/2022\/11\/ORTO2.jpeg 828w, https:\/\/www.liceovian.it\/www\/wp-content\/uploads\/2022\/11\/ORTO2-282x300.jpeg 282w, https:\/\/www.liceovian.it\/www\/wp-content\/uploads\/2022\/11\/ORTO2-768x817.jpeg 768w\" sizes=\"(max-width: 828px) 100vw, 828px\" \/><\/figure>\n\n\n\n<figure class=\"wp-block-image size-large\"><img decoding=\"async\" loading=\"lazy\" width=\"768\" height=\"1024\" data-id=\"188\" src=\"https:\/\/www.liceovian.it\/www\/wp-content\/uploads\/2022\/11\/ORTO3.jpeg\" alt=\"\" class=\"wp-image-188\" srcset=\"https:\/\/www.liceovian.it\/www\/wp-content\/uploads\/2022\/11\/ORTO3.jpeg 768w, https:\/\/www.liceovian.it\/www\/wp-content\/uploads\/2022\/11\/ORTO3-225x300.jpeg 225w\" sizes=\"(max-width: 768px) 100vw, 768px\" \/><\/figure>\n\n\n\n<figure class=\"wp-block-image size-large\"><img decoding=\"async\" loading=\"lazy\" width=\"576\" height=\"1024\" data-id=\"189\" src=\"https:\/\/www.liceovian.it\/www\/wp-content\/uploads\/2022\/11\/ORTO4-576x1024.jpeg\" alt=\"\" class=\"wp-image-189\" srcset=\"https:\/\/www.liceovian.it\/www\/wp-content\/uploads\/2022\/11\/ORTO4-576x1024.jpeg 576w, https:\/\/www.liceovian.it\/www\/wp-content\/uploads\/2022\/11\/ORTO4-169x300.jpeg 169w, https:\/\/www.liceovian.it\/www\/wp-content\/uploads\/2022\/11\/ORTO4-768x1366.jpeg 768w, https:\/\/www.liceovian.it\/www\/wp-content\/uploads\/2022\/11\/ORTO4-864x1536.jpeg 864w, https:\/\/www.liceovian.it\/www\/wp-content\/uploads\/2022\/11\/ORTO4.jpeg 899w\" sizes=\"(max-width: 576px) 100vw, 576px\" \/><\/figure>\n\n\n\n<figure class=\"wp-block-image size-large\"><img decoding=\"async\" loading=\"lazy\" width=\"779\" height=\"602\" data-id=\"190\" src=\"https:\/\/www.liceovian.it\/www\/wp-content\/uploads\/2022\/11\/Palestra.jpeg\" alt=\"\" class=\"wp-image-190\" srcset=\"https:\/\/www.liceovian.it\/www\/wp-content\/uploads\/2022\/11\/Palestra.jpeg 779w, https:\/\/www.liceovian.it\/www\/wp-content\/uploads\/2022\/11\/Palestra-300x232.jpeg 300w, https:\/\/www.liceovian.it\/www\/wp-content\/uploads\/2022\/11\/Palestra-768x593.jpeg 768w\" sizes=\"(max-width: 779px) 100vw, 779px\" \/><\/figure>\n\n\n\n<figure class=\"wp-block-image size-large\"><img decoding=\"async\" loading=\"lazy\" width=\"828\" height=\"999\" data-id=\"191\" src=\"https:\/\/www.liceovian.it\/www\/wp-content\/uploads\/2022\/11\/Prassi-inclusive-CAA.jpeg\" alt=\"\" class=\"wp-image-191\" srcset=\"https:\/\/www.liceovian.it\/www\/wp-content\/uploads\/2022\/11\/Prassi-inclusive-CAA.jpeg 828w, https:\/\/www.liceovian.it\/www\/wp-content\/uploads\/2022\/11\/Prassi-inclusive-CAA-249x300.jpeg 249w, https:\/\/www.liceovian.it\/www\/wp-content\/uploads\/2022\/11\/Prassi-inclusive-CAA-768x927.jpeg 768w\" sizes=\"(max-width: 828px) 100vw, 828px\" \/><\/figure>\n\n\n\n<figure class=\"wp-block-image size-large\"><img decoding=\"async\" loading=\"lazy\" width=\"1024\" height=\"768\" data-id=\"192\" src=\"https:\/\/www.liceovian.it\/www\/wp-content\/uploads\/2022\/11\/Prassi-inclusive.jpeg\" alt=\"\" class=\"wp-image-192\" srcset=\"https:\/\/www.liceovian.it\/www\/wp-content\/uploads\/2022\/11\/Prassi-inclusive.jpeg 1024w, https:\/\/www.liceovian.it\/www\/wp-content\/uploads\/2022\/11\/Prassi-inclusive-300x225.jpeg 300w, https:\/\/www.liceovian.it\/www\/wp-content\/uploads\/2022\/11\/Prassi-inclusive-768x576.jpeg 768w\" sizes=\"(max-width: 1024px) 100vw, 1024px\" \/><\/figure>\n\n\n\n<figure class=\"wp-block-image size-large\"><img decoding=\"async\" loading=\"lazy\" width=\"936\" height=\"651\" data-id=\"193\" src=\"https:\/\/www.liceovian.it\/www\/wp-content\/uploads\/2022\/11\/Prassi-inclusive2.jpeg\" alt=\"\" class=\"wp-image-193\" srcset=\"https:\/\/www.liceovian.it\/www\/wp-content\/uploads\/2022\/11\/Prassi-inclusive2.jpeg 936w, https:\/\/www.liceovian.it\/www\/wp-content\/uploads\/2022\/11\/Prassi-inclusive2-300x209.jpeg 300w, https:\/\/www.liceovian.it\/www\/wp-content\/uploads\/2022\/11\/Prassi-inclusive2-768x534.jpeg 768w\" sizes=\"(max-width: 936px) 100vw, 936px\" \/><\/figure>\n\n\n\n<figure class=\"wp-block-image size-large\"><img decoding=\"async\" loading=\"lazy\" width=\"622\" height=\"355\" data-id=\"194\" src=\"https:\/\/www.liceovian.it\/www\/wp-content\/uploads\/2022\/11\/PROGETTO-STUDENTE-ATLETA.jpeg\" alt=\"\" class=\"wp-image-194\" srcset=\"https:\/\/www.liceovian.it\/www\/wp-content\/uploads\/2022\/11\/PROGETTO-STUDENTE-ATLETA.jpeg 622w, https:\/\/www.liceovian.it\/www\/wp-content\/uploads\/2022\/11\/PROGETTO-STUDENTE-ATLETA-300x171.jpeg 300w\" sizes=\"(max-width: 622px) 100vw, 622px\" \/><\/figure>\n\n\n\n<figure class=\"wp-block-image size-large\"><img decoding=\"async\" loading=\"lazy\" width=\"1024\" height=\"768\" data-id=\"195\" src=\"https:\/\/www.liceovian.it\/www\/wp-content\/uploads\/2022\/11\/SETTIMANA-IN-BLU1.jpeg\" alt=\"\" class=\"wp-image-195\" srcset=\"https:\/\/www.liceovian.it\/www\/wp-content\/uploads\/2022\/11\/SETTIMANA-IN-BLU1.jpeg 1024w, https:\/\/www.liceovian.it\/www\/wp-content\/uploads\/2022\/11\/SETTIMANA-IN-BLU1-300x225.jpeg 300w, https:\/\/www.liceovian.it\/www\/wp-content\/uploads\/2022\/11\/SETTIMANA-IN-BLU1-768x576.jpeg 768w\" sizes=\"(max-width: 1024px) 100vw, 1024px\" \/><\/figure>\n\n\n\n<figure class=\"wp-block-image size-large\"><img decoding=\"async\" loading=\"lazy\" width=\"768\" height=\"399\" data-id=\"196\" src=\"https:\/\/www.liceovian.it\/www\/wp-content\/uploads\/2022\/11\/Settimana-in-blu2.jpeg\" alt=\"\" class=\"wp-image-196\" srcset=\"https:\/\/www.liceovian.it\/www\/wp-content\/uploads\/2022\/11\/Settimana-in-blu2.jpeg 768w, https:\/\/www.liceovian.it\/www\/wp-content\/uploads\/2022\/11\/Settimana-in-blu2-300x156.jpeg 300w\" sizes=\"(max-width: 768px) 100vw, 768px\" \/><\/figure>\n\n\n\n<figure class=\"wp-block-image size-large\"><img decoding=\"async\" loading=\"lazy\" width=\"768\" height=\"1024\" data-id=\"197\" src=\"https:\/\/www.liceovian.it\/www\/wp-content\/uploads\/2022\/11\/Settimana-in-blu3-768x1024.jpeg\" alt=\"\" class=\"wp-image-197\" srcset=\"https:\/\/www.liceovian.it\/www\/wp-content\/uploads\/2022\/11\/Settimana-in-blu3-768x1024.jpeg 768w, https:\/\/www.liceovian.it\/www\/wp-content\/uploads\/2022\/11\/Settimana-in-blu3-225x300.jpeg 225w, https:\/\/www.liceovian.it\/www\/wp-content\/uploads\/2022\/11\/Settimana-in-blu3-1152x1536.jpeg 1152w, https:\/\/www.liceovian.it\/www\/wp-content\/uploads\/2022\/11\/Settimana-in-blu3.jpeg 1200w\" sizes=\"(max-width: 768px) 100vw, 768px\" \/><\/figure>\n\n\n\n<figure class=\"wp-block-image size-large\"><img decoding=\"async\" loading=\"lazy\" width=\"768\" height=\"1024\" data-id=\"198\" src=\"https:\/\/www.liceovian.it\/www\/wp-content\/uploads\/2022\/11\/Settimana-in-blu4-768x1024.jpeg\" alt=\"\" class=\"wp-image-198\" srcset=\"https:\/\/www.liceovian.it\/www\/wp-content\/uploads\/2022\/11\/Settimana-in-blu4-768x1024.jpeg 768w, https:\/\/www.liceovian.it\/www\/wp-content\/uploads\/2022\/11\/Settimana-in-blu4-225x300.jpeg 225w, https:\/\/www.liceovian.it\/www\/wp-content\/uploads\/2022\/11\/Settimana-in-blu4-1152x1536.jpeg 1152w, https:\/\/www.liceovian.it\/www\/wp-content\/uploads\/2022\/11\/Settimana-in-blu4.jpeg 1200w\" sizes=\"(max-width: 768px) 100vw, 768px\" \/><\/figure>\n<\/figure>\n","protected":false},"excerpt":{"rendered":"<p>Il Vian e l\u2019inclusione come prospettiva \u00abOur ability to reach unity in diversity will be the beauty and the test of our civilisation\u00bb \u00abLa nostra capacit\u00e0 di raggiungere l\u2019unit\u00e0 nella diversit\u00e0 sar\u00e0 allo stesso tempo la bellezza e il banco di prova della nostra civilt\u00e0\u00bb Mahatma Gandhi Una scuola che voglia essere inclusiva \u00e8, anzitutto, [&hellip;]<\/p>\n","protected":false},"author":1,"featured_media":0,"parent":0,"menu_order":0,"comment_status":"closed","ping_status":"closed","template":"","meta":{"footnotes":""},"_links":{"self":[{"href":"https:\/\/www.liceovian.it\/www\/index.php?rest_route=\/wp\/v2\/pages\/20"}],"collection":[{"href":"https:\/\/www.liceovian.it\/www\/index.php?rest_route=\/wp\/v2\/pages"}],"about":[{"href":"https:\/\/www.liceovian.it\/www\/index.php?rest_route=\/wp\/v2\/types\/page"}],"author":[{"embeddable":true,"href":"https:\/\/www.liceovian.it\/www\/index.php?rest_route=\/wp\/v2\/users\/1"}],"replies":[{"embeddable":true,"href":"https:\/\/www.liceovian.it\/www\/index.php?rest_route=%2Fwp%2Fv2%2Fcomments&post=20"}],"version-history":[{"count":4,"href":"https:\/\/www.liceovian.it\/www\/index.php?rest_route=\/wp\/v2\/pages\/20\/revisions"}],"predecessor-version":[{"id":419,"href":"https:\/\/www.liceovian.it\/www\/index.php?rest_route=\/wp\/v2\/pages\/20\/revisions\/419"}],"wp:attachment":[{"href":"https:\/\/www.liceovian.it\/www\/index.php?rest_route=%2Fwp%2Fv2%2Fmedia&parent=20"}],"curies":[{"name":"wp","href":"https:\/\/api.w.org\/{rel}","templated":true}]}}