{"id":16,"date":"2022-11-24T09:17:12","date_gmt":"2022-11-24T08:17:12","guid":{"rendered":"https:\/\/www.liceovian.it\/www\/?page_id=16"},"modified":"2023-10-25T11:50:23","modified_gmt":"2023-10-25T09:50:23","slug":"liceo-linguistico","status":"publish","type":"page","link":"https:\/\/www.liceovian.it\/www\/?page_id=16","title":{"rendered":"Liceo Linguistico"},"content":{"rendered":"\n<h2 class=\"wp-block-heading\"><strong>Una finestra sul mondo<\/strong><\/h2>\n\n\n\n<div style=\"height:40px\" aria-hidden=\"true\" class=\"wp-block-spacer\"><\/div>\n\n\n\n<p><\/p>\n\n\n\n<blockquote class=\"wp-block-quote\">\n<p><\/p>\n<cite><em>&#8220;Una lingua ti apre un corridoio per la vita. Due lingue ti aprono tutte le porte lungo il percorso.&#8221;<br><\/em>(Frank Smith)<\/cite><\/blockquote>\n\n\n\n<figure class=\"wp-block-image size-large\"><img decoding=\"async\" loading=\"lazy\" width=\"1024\" height=\"768\" src=\"https:\/\/www.liceovian.it\/www\/wp-content\/uploads\/2022\/11\/foto-per-la-citazione-1-1024x768.jpg\" alt=\"\" class=\"wp-image-119\" srcset=\"https:\/\/www.liceovian.it\/www\/wp-content\/uploads\/2022\/11\/foto-per-la-citazione-1-1024x768.jpg 1024w, https:\/\/www.liceovian.it\/www\/wp-content\/uploads\/2022\/11\/foto-per-la-citazione-1-300x225.jpg 300w, https:\/\/www.liceovian.it\/www\/wp-content\/uploads\/2022\/11\/foto-per-la-citazione-1-768x576.jpg 768w, https:\/\/www.liceovian.it\/www\/wp-content\/uploads\/2022\/11\/foto-per-la-citazione-1-1536x1152.jpg 1536w, https:\/\/www.liceovian.it\/www\/wp-content\/uploads\/2022\/11\/foto-per-la-citazione-1-2048x1536.jpg 2048w\" sizes=\"(max-width: 1024px) 100vw, 1024px\" \/><\/figure>\n\n\n\n<p>Il Liceo Linguistico consente l\u2019acquisizione di competenze comunicative in tre lingue straniere (inglese e due lingue a scelta tra francese, spagnolo, tedesco) e offre un completo bagaglio culturale per affrontare con consapevolezza i mutevoli scenari del mondo contemporaneo.<br><br>Attraverso lo studio della letteratura, dell\u2019arte e della cultura dei paesi di cui studia la lingua lo studente imparer\u00e0 a confrontarsi con civilt\u00e0 diverse, riconoscendone affinit\u00e0 e differenze, sapr\u00e0 comunicare in situazioni e contesti diversi, sapr\u00e0 avvalersi di opportunit\u00e0 di scambio e di contatto. <\/p>\n\n\n\n<p>La nostra offerta formativa prevede una particolare attenzione all\u2019acquisizione di competenze-chiave utili per lo sviluppo culturale degli alunni e, nel contempo, per il loro futuro inserimento nel mondo del lavoro. La didattica delle lingue si avvale di due laboratori multimediali di ultima generazione che consentono una partecipazione attiva degli alunni ed una loro efficace interazione con il docente, i compagni e anche con studenti di altri Paesi, collegati in video-chat. Si organizzano annualmente stage e scambi culturali, nonch\u00e9 corsi di preparazione agli esami di certificazione europea.<\/p>\n\n\n\n<figure class=\"wp-block-gallery has-nested-images columns-default is-cropped wp-block-gallery-1 is-layout-flex wp-block-gallery-is-layout-flex\">\n<figure class=\"wp-block-image size-large\"><img decoding=\"async\" loading=\"lazy\" width=\"1024\" height=\"768\" data-id=\"121\" src=\"https:\/\/www.liceovian.it\/www\/wp-content\/uploads\/2022\/11\/Cimitero-acattolico-di-Roma-Tomba-di-Keats-1024x768.jpg\" alt=\"\" class=\"wp-image-121\" srcset=\"https:\/\/www.liceovian.it\/www\/wp-content\/uploads\/2022\/11\/Cimitero-acattolico-di-Roma-Tomba-di-Keats-1024x768.jpg 1024w, https:\/\/www.liceovian.it\/www\/wp-content\/uploads\/2022\/11\/Cimitero-acattolico-di-Roma-Tomba-di-Keats-300x225.jpg 300w, https:\/\/www.liceovian.it\/www\/wp-content\/uploads\/2022\/11\/Cimitero-acattolico-di-Roma-Tomba-di-Keats-768x576.jpg 768w, https:\/\/www.liceovian.it\/www\/wp-content\/uploads\/2022\/11\/Cimitero-acattolico-di-Roma-Tomba-di-Keats-1536x1153.jpg 1536w, https:\/\/www.liceovian.it\/www\/wp-content\/uploads\/2022\/11\/Cimitero-acattolico-di-Roma-Tomba-di-Keats.jpg 1599w\" sizes=\"(max-width: 1024px) 100vw, 1024px\" \/><figcaption class=\"wp-element-caption\">Sulle orme di Keats &#8211; Cimitero acattolico di Roma<\/figcaption><\/figure>\n\n\n\n<figure class=\"wp-block-image size-large\"><img decoding=\"async\" loading=\"lazy\" width=\"1024\" height=\"684\" data-id=\"122\" src=\"https:\/\/www.liceovian.it\/www\/wp-content\/uploads\/2022\/11\/Erasmus-ad-Amburgo-1024x684.jpg\" alt=\"\" class=\"wp-image-122\" srcset=\"https:\/\/www.liceovian.it\/www\/wp-content\/uploads\/2022\/11\/Erasmus-ad-Amburgo-1024x684.jpg 1024w, https:\/\/www.liceovian.it\/www\/wp-content\/uploads\/2022\/11\/Erasmus-ad-Amburgo-300x200.jpg 300w, https:\/\/www.liceovian.it\/www\/wp-content\/uploads\/2022\/11\/Erasmus-ad-Amburgo-768x513.jpg 768w, https:\/\/www.liceovian.it\/www\/wp-content\/uploads\/2022\/11\/Erasmus-ad-Amburgo-1536x1025.jpg 1536w, https:\/\/www.liceovian.it\/www\/wp-content\/uploads\/2022\/11\/Erasmus-ad-Amburgo.jpg 1600w\" sizes=\"(max-width: 1024px) 100vw, 1024px\" \/><figcaption class=\"wp-element-caption\">Erasmus+ ad Amburgo<\/figcaption><\/figure>\n\n\n\n<figure class=\"wp-block-image size-large\"><img decoding=\"async\" loading=\"lazy\" width=\"1024\" height=\"461\" data-id=\"123\" src=\"https:\/\/www.liceovian.it\/www\/wp-content\/uploads\/2022\/11\/Laboratorio-linguistico-1-1024x461.jpeg\" alt=\"\" class=\"wp-image-123\" srcset=\"https:\/\/www.liceovian.it\/www\/wp-content\/uploads\/2022\/11\/Laboratorio-linguistico-1-1024x461.jpeg 1024w, https:\/\/www.liceovian.it\/www\/wp-content\/uploads\/2022\/11\/Laboratorio-linguistico-1-300x135.jpeg 300w, https:\/\/www.liceovian.it\/www\/wp-content\/uploads\/2022\/11\/Laboratorio-linguistico-1-768x345.jpeg 768w, https:\/\/www.liceovian.it\/www\/wp-content\/uploads\/2022\/11\/Laboratorio-linguistico-1-1536x691.jpeg 1536w, https:\/\/www.liceovian.it\/www\/wp-content\/uploads\/2022\/11\/Laboratorio-linguistico-1.jpeg 2048w\" sizes=\"(max-width: 1024px) 100vw, 1024px\" \/><figcaption class=\"wp-element-caption\">Laboratorio linguistico<\/figcaption><\/figure>\n\n\n\n<figure class=\"wp-block-image size-large\"><img decoding=\"async\" loading=\"lazy\" width=\"1024\" height=\"461\" data-id=\"124\" src=\"https:\/\/www.liceovian.it\/www\/wp-content\/uploads\/2022\/11\/Laboratorio-linguistico-2-1024x461.jpeg\" alt=\"\" class=\"wp-image-124\" srcset=\"https:\/\/www.liceovian.it\/www\/wp-content\/uploads\/2022\/11\/Laboratorio-linguistico-2-1024x461.jpeg 1024w, https:\/\/www.liceovian.it\/www\/wp-content\/uploads\/2022\/11\/Laboratorio-linguistico-2-300x135.jpeg 300w, https:\/\/www.liceovian.it\/www\/wp-content\/uploads\/2022\/11\/Laboratorio-linguistico-2-768x345.jpeg 768w, https:\/\/www.liceovian.it\/www\/wp-content\/uploads\/2022\/11\/Laboratorio-linguistico-2-1536x691.jpeg 1536w, https:\/\/www.liceovian.it\/www\/wp-content\/uploads\/2022\/11\/Laboratorio-linguistico-2.jpeg 2048w\" sizes=\"(max-width: 1024px) 100vw, 1024px\" \/><figcaption class=\"wp-element-caption\">Laboratorio linguistico<\/figcaption><\/figure>\n\n\n\n<figure class=\"wp-block-image size-large\"><img decoding=\"async\" loading=\"lazy\" width=\"1024\" height=\"461\" data-id=\"125\" src=\"https:\/\/www.liceovian.it\/www\/wp-content\/uploads\/2022\/11\/Laboratorio-linguistico-3-1024x461.jpeg\" alt=\"\" class=\"wp-image-125\" srcset=\"https:\/\/www.liceovian.it\/www\/wp-content\/uploads\/2022\/11\/Laboratorio-linguistico-3-1024x461.jpeg 1024w, https:\/\/www.liceovian.it\/www\/wp-content\/uploads\/2022\/11\/Laboratorio-linguistico-3-300x135.jpeg 300w, https:\/\/www.liceovian.it\/www\/wp-content\/uploads\/2022\/11\/Laboratorio-linguistico-3-768x345.jpeg 768w, https:\/\/www.liceovian.it\/www\/wp-content\/uploads\/2022\/11\/Laboratorio-linguistico-3-1536x691.jpeg 1536w, https:\/\/www.liceovian.it\/www\/wp-content\/uploads\/2022\/11\/Laboratorio-linguistico-3.jpeg 2048w\" sizes=\"(max-width: 1024px) 100vw, 1024px\" \/><figcaption class=\"wp-element-caption\">Laboratorio linguistico<\/figcaption><\/figure>\n\n\n\n<figure class=\"wp-block-image size-large\"><img decoding=\"async\" loading=\"lazy\" width=\"1024\" height=\"768\" data-id=\"126\" src=\"https:\/\/www.liceovian.it\/www\/wp-content\/uploads\/2022\/11\/Lavoro-in-coppia-1024x768.jpg\" alt=\"\" class=\"wp-image-126\" srcset=\"https:\/\/www.liceovian.it\/www\/wp-content\/uploads\/2022\/11\/Lavoro-in-coppia-1024x768.jpg 1024w, https:\/\/www.liceovian.it\/www\/wp-content\/uploads\/2022\/11\/Lavoro-in-coppia-300x225.jpg 300w, https:\/\/www.liceovian.it\/www\/wp-content\/uploads\/2022\/11\/Lavoro-in-coppia-768x576.jpg 768w, https:\/\/www.liceovian.it\/www\/wp-content\/uploads\/2022\/11\/Lavoro-in-coppia-1536x1152.jpg 1536w, https:\/\/www.liceovian.it\/www\/wp-content\/uploads\/2022\/11\/Lavoro-in-coppia.jpg 2048w\" sizes=\"(max-width: 1024px) 100vw, 1024px\" \/><figcaption class=\"wp-element-caption\">Lavoro in coppia<\/figcaption><\/figure>\n\n\n\n<figure class=\"wp-block-image size-large\"><img decoding=\"async\" loading=\"lazy\" width=\"804\" height=\"1024\" data-id=\"127\" src=\"https:\/\/www.liceovian.it\/www\/wp-content\/uploads\/2022\/11\/Stage-linguistico-a-Vienna-1-804x1024.jpg\" alt=\"\" class=\"wp-image-127\" srcset=\"https:\/\/www.liceovian.it\/www\/wp-content\/uploads\/2022\/11\/Stage-linguistico-a-Vienna-1-804x1024.jpg 804w, https:\/\/www.liceovian.it\/www\/wp-content\/uploads\/2022\/11\/Stage-linguistico-a-Vienna-1-236x300.jpg 236w, https:\/\/www.liceovian.it\/www\/wp-content\/uploads\/2022\/11\/Stage-linguistico-a-Vienna-1-768x978.jpg 768w, https:\/\/www.liceovian.it\/www\/wp-content\/uploads\/2022\/11\/Stage-linguistico-a-Vienna-1-1206x1536.jpg 1206w, https:\/\/www.liceovian.it\/www\/wp-content\/uploads\/2022\/11\/Stage-linguistico-a-Vienna-1.jpg 1256w\" sizes=\"(max-width: 804px) 100vw, 804px\" \/><figcaption class=\"wp-element-caption\">Stage linguistico a Vienna<\/figcaption><\/figure>\n<\/figure>\n","protected":false},"excerpt":{"rendered":"<p>Una finestra sul mondo &#8220;Una lingua ti apre un corridoio per la vita. Due lingue ti aprono tutte le porte lungo il percorso.&#8221;(Frank Smith) Il Liceo Linguistico consente l\u2019acquisizione di competenze comunicative in tre lingue straniere (inglese e due lingue a scelta tra francese, spagnolo, tedesco) e offre un completo bagaglio culturale per affrontare con [&hellip;]<\/p>\n","protected":false},"author":1,"featured_media":0,"parent":0,"menu_order":0,"comment_status":"closed","ping_status":"closed","template":"","meta":{"footnotes":""},"_links":{"self":[{"href":"https:\/\/www.liceovian.it\/www\/index.php?rest_route=\/wp\/v2\/pages\/16"}],"collection":[{"href":"https:\/\/www.liceovian.it\/www\/index.php?rest_route=\/wp\/v2\/pages"}],"about":[{"href":"https:\/\/www.liceovian.it\/www\/index.php?rest_route=\/wp\/v2\/types\/page"}],"author":[{"embeddable":true,"href":"https:\/\/www.liceovian.it\/www\/index.php?rest_route=\/wp\/v2\/users\/1"}],"replies":[{"embeddable":true,"href":"https:\/\/www.liceovian.it\/www\/index.php?rest_route=%2Fwp%2Fv2%2Fcomments&post=16"}],"version-history":[{"count":6,"href":"https:\/\/www.liceovian.it\/www\/index.php?rest_route=\/wp\/v2\/pages\/16\/revisions"}],"predecessor-version":[{"id":382,"href":"https:\/\/www.liceovian.it\/www\/index.php?rest_route=\/wp\/v2\/pages\/16\/revisions\/382"}],"wp:attachment":[{"href":"https:\/\/www.liceovian.it\/www\/index.php?rest_route=%2Fwp%2Fv2%2Fmedia&parent=16"}],"curies":[{"name":"wp","href":"https:\/\/api.w.org\/{rel}","templated":true}]}}